{"id":772,"date":"2023-08-03T11:23:27","date_gmt":"2023-08-03T09:23:27","guid":{"rendered":"https:\/\/health-booster.de\/impressum\/"},"modified":"2024-11-28T15:23:18","modified_gmt":"2024-11-28T13:23:18","slug":"site-notice","status":"publish","type":"page","link":"https:\/\/health-booster.de\/en\/site-notice\/","title":{"rendered":"Impressum"},"content":{"rendered":"\t\t<div data-elementor-type=\"wp-page\" data-elementor-id=\"772\" class=\"elementor elementor-772 elementor-17\" data-elementor-post-type=\"page\">\n\t\t\t\t<div class=\"elementor-element elementor-element-79e65f0 e-flex e-con-boxed e-con e-parent\" data-id=\"79e65f0\" data-element_type=\"container\" data-e-type=\"container\">\n\t\t\t\t\t<div class=\"e-con-inner\">\n\t\t\t\t<div class=\"elementor-element elementor-element-64a2a8a elementor-widget elementor-widget-text-editor\" data-id=\"64a2a8a\" data-element_type=\"widget\" data-e-type=\"widget\" data-widget_type=\"text-editor.default\">\n\t\t\t\t<div class=\"elementor-widget-container\">\n\t\t\t\t\t\t\t\t\t<h1>Impressum<\/h1>\n<p>Dr. med. Achim Reither<br \/>Hyperbares Sauerstoff-Zentrum M\u00fcnchen<br \/>Karlstra\u00dfe 42<br \/>80333 M\u00fcnchen<\/p>\n<h2>Kontakt<\/h2>\n<p>Telefon: (089) 548231-0<br \/>Telefax: (089) 548231-50<br \/>E-Mail: info@hbozentrum.de<\/p>\n<h2>Berufsbezeichnung und berufsrechtliche Regelungen<\/h2>\n<p>Berufsbezeichnung:<br \/>Arzt<\/p>\n<h2>Redaktionell verantwortlich<\/h2>\n<p>Hyperbares Sauerstoff-Zentrum M\u00fcnchen<br \/>Inhaber: Dr. med. Achim Reither<br \/>Karlstra\u00dfe 42<br \/>80333 M\u00fcnchen<br \/>Deutschland<\/p>\n<h2>EU-Streitschlichtung<\/h2>\n<p>Die Europ\u00e4ische Kommission stellt eine Plattform zur Online-Streitbeilegung (OS) bereit: <a href=\"https:\/\/ec.europa.eu\/consumers\/odr\/\" target=\"_blank\" rel=\"noopener noreferrer\">https:\/\/ec.europa.eu\/consumers\/odr\/<\/a>.<br \/>Unsere E-Mail-Adresse finden Sie oben im Impressum.<\/p>\n<h2>Verbraucherstreitbeilegung\/Universalschlichtungsstelle<\/h2>\n<p>Wir sind nicht bereit oder verpflichtet, an Streitbeilegungsverfahren vor einer Verbraucherschlichtungsstelle teilzunehmen.<\/p>\n\t\t\t\t\t\t\t\t<\/div>\n\t\t\t\t<\/div>\n\t\t\t\t\t<\/div>\n\t\t\t\t<\/div>\n\t\t<div class=\"elementor-element elementor-element-7b4e4a3 e-flex e-con-boxed e-con e-parent\" data-id=\"7b4e4a3\" data-element_type=\"container\" data-e-type=\"container\">\n\t\t\t\t\t<div class=\"e-con-inner\">\n\t\t\t\t<div class=\"elementor-element elementor-element-1196c58 elementor-widget elementor-widget-text-editor\" data-id=\"1196c58\" data-element_type=\"widget\" data-e-type=\"widget\" data-widget_type=\"text-editor.default\">\n\t\t\t\t<div class=\"elementor-widget-container\">\n\t\t\t\t\t\t\t\t\t<h2>Source reference<\/h2>\n<p>Images: <a href=\"https:\/\/de.freepik.com\/\">Freepik<\/a><br \/>Icons: <a href=\"https:\/\/www.flaticon.com\/de\/\">Flaticon<\/a><\/p>\n\t\t\t\t\t\t\t\t<\/div>\n\t\t\t\t<\/div>\n\t\t\t\t\t<\/div>\n\t\t\t\t<\/div>\n\t\t\t\t<\/div>\n\t\t","protected":false},"excerpt":{"rendered":"<p>Impressum Dr. med. Achim ReitherHyperbares Sauerstoff-Zentrum M\u00fcnchenKarlstra\u00dfe 4280333 M\u00fcnchen Kontakt Telefon: (089) 548231-0Telefax: (089) 548231-50E-Mail: info@hbozentrum.de Berufsbezeichnung und berufsrechtliche Regelungen Berufsbezeichnung:Arzt Redaktionell verantwortlich Hyperbares Sauerstoff-Zentrum M\u00fcnchenInhaber: Dr. med. Achim ReitherKarlstra\u00dfe 4280333 M\u00fcnchenDeutschland EU-Streitschlichtung Die Europ\u00e4ische Kommission stellt eine Plattform zur Online-Streitbeilegung (OS) bereit: https:\/\/ec.europa.eu\/consumers\/odr\/.Unsere E-Mail-Adresse finden Sie oben im Impressum. Verbraucherstreitbeilegung\/Universalschlichtungsstelle Wir sind nicht bereit [&hellip;]<\/p>\n","protected":false},"author":2,"featured_media":0,"parent":0,"menu_order":9,"comment_status":"closed","ping_status":"closed","template":"","meta":{"footnotes":""},"class_list":["post-772","page","type-page","status-publish","hentry"],"yoast_head":"<!-- This site is optimized with the Yoast SEO plugin v27.3 - https:\/\/yoast.com\/product\/yoast-seo-wordpress\/ -->\n<title>Impressum - Health Booster<\/title>\n<meta name=\"robots\" content=\"index, follow, max-snippet:-1, max-image-preview:large, max-video-preview:-1\" \/>\n<link rel=\"canonical\" href=\"https:\/\/health-booster.de\/en\/site-notice\/\" \/>\n<meta property=\"og:locale\" content=\"en_US\" \/>\n<meta property=\"og:type\" content=\"article\" \/>\n<meta property=\"og:title\" content=\"Impressum - Health Booster\" \/>\n<meta property=\"og:description\" content=\"Impressum Dr. med. Achim ReitherHyperbares Sauerstoff-Zentrum M\u00fcnchenKarlstra\u00dfe 4280333 M\u00fcnchen Kontakt Telefon: (089) 548231-0Telefax: (089) 548231-50E-Mail: info@hbozentrum.de Berufsbezeichnung und berufsrechtliche Regelungen Berufsbezeichnung:Arzt Redaktionell verantwortlich Hyperbares Sauerstoff-Zentrum M\u00fcnchenInhaber: Dr. med. Achim ReitherKarlstra\u00dfe 4280333 M\u00fcnchenDeutschland EU-Streitschlichtung Die Europ\u00e4ische Kommission stellt eine Plattform zur Online-Streitbeilegung (OS) bereit: https:\/\/ec.europa.eu\/consumers\/odr\/.Unsere E-Mail-Adresse finden Sie oben im Impressum. Verbraucherstreitbeilegung\/Universalschlichtungsstelle Wir sind nicht bereit [&hellip;]\" \/>\n<meta property=\"og:url\" content=\"https:\/\/health-booster.de\/en\/site-notice\/\" \/>\n<meta property=\"og:site_name\" content=\"Health Booster\" \/>\n<meta property=\"article:modified_time\" content=\"2024-11-28T13:23:18+00:00\" \/>\n<meta name=\"twitter:card\" content=\"summary_large_image\" \/>\n<meta name=\"twitter:label1\" content=\"Est. reading time\" \/>\n\t<meta name=\"twitter:data1\" content=\"1 minute\" \/>\n<script type=\"application\/ld+json\" class=\"yoast-schema-graph\">{\"@context\":\"https:\\\/\\\/schema.org\",\"@graph\":[{\"@type\":\"WebPage\",\"@id\":\"https:\\\/\\\/health-booster.de\\\/en\\\/site-notice\\\/\",\"url\":\"https:\\\/\\\/health-booster.de\\\/en\\\/site-notice\\\/\",\"name\":\"Impressum - Health Booster\",\"isPartOf\":{\"@id\":\"https:\\\/\\\/health-booster.de\\\/#website\"},\"datePublished\":\"2023-08-03T09:23:27+00:00\",\"dateModified\":\"2024-11-28T13:23:18+00:00\",\"breadcrumb\":{\"@id\":\"https:\\\/\\\/health-booster.de\\\/en\\\/site-notice\\\/#breadcrumb\"},\"inLanguage\":\"en-US\",\"potentialAction\":[{\"@type\":\"ReadAction\",\"target\":[\"https:\\\/\\\/health-booster.de\\\/en\\\/site-notice\\\/\"]}]},{\"@type\":\"BreadcrumbList\",\"@id\":\"https:\\\/\\\/health-booster.de\\\/en\\\/site-notice\\\/#breadcrumb\",\"itemListElement\":[{\"@type\":\"ListItem\",\"position\":1,\"name\":\"Home\",\"item\":\"https:\\\/\\\/health-booster.de\\\/\"},{\"@type\":\"ListItem\",\"position\":2,\"name\":\"Impressum\"}]},{\"@type\":\"WebSite\",\"@id\":\"https:\\\/\\\/health-booster.de\\\/#website\",\"url\":\"https:\\\/\\\/health-booster.de\\\/\",\"name\":\"Health Booster\",\"description\":\"Die Infusionstherapie in M\u00fcnchen\",\"publisher\":{\"@id\":\"https:\\\/\\\/health-booster.de\\\/#organization\"},\"potentialAction\":[{\"@type\":\"SearchAction\",\"target\":{\"@type\":\"EntryPoint\",\"urlTemplate\":\"https:\\\/\\\/health-booster.de\\\/?s={search_term_string}\"},\"query-input\":{\"@type\":\"PropertyValueSpecification\",\"valueRequired\":true,\"valueName\":\"search_term_string\"}}],\"inLanguage\":\"en-US\"},{\"@type\":\"Organization\",\"@id\":\"https:\\\/\\\/health-booster.de\\\/#organization\",\"name\":\"Health Booster\",\"url\":\"https:\\\/\\\/health-booster.de\\\/\",\"logo\":{\"@type\":\"ImageObject\",\"inLanguage\":\"en-US\",\"@id\":\"https:\\\/\\\/health-booster.de\\\/#\\\/schema\\\/logo\\\/image\\\/\",\"url\":\"https:\\\/\\\/health-booster.de\\\/wp-content\\\/uploads\\\/2024\\\/09\\\/LOGO_Health_Booster_web.png\",\"contentUrl\":\"https:\\\/\\\/health-booster.de\\\/wp-content\\\/uploads\\\/2024\\\/09\\\/LOGO_Health_Booster_web.png\",\"width\":487,\"height\":116,\"caption\":\"Health Booster\"},\"image\":{\"@id\":\"https:\\\/\\\/health-booster.de\\\/#\\\/schema\\\/logo\\\/image\\\/\"}}]}<\/script>\n<!-- \/ Yoast SEO plugin. -->","yoast_head_json":{"title":"Impressum - Health Booster","robots":{"index":"index","follow":"follow","max-snippet":"max-snippet:-1","max-image-preview":"max-image-preview:large","max-video-preview":"max-video-preview:-1"},"canonical":"https:\/\/health-booster.de\/en\/site-notice\/","og_locale":"en_US","og_type":"article","og_title":"Impressum - Health Booster","og_description":"Impressum Dr. med. Achim ReitherHyperbares Sauerstoff-Zentrum M\u00fcnchenKarlstra\u00dfe 4280333 M\u00fcnchen Kontakt Telefon: (089) 548231-0Telefax: (089) 548231-50E-Mail: info@hbozentrum.de Berufsbezeichnung und berufsrechtliche Regelungen Berufsbezeichnung:Arzt Redaktionell verantwortlich Hyperbares Sauerstoff-Zentrum M\u00fcnchenInhaber: Dr. med. Achim ReitherKarlstra\u00dfe 4280333 M\u00fcnchenDeutschland EU-Streitschlichtung Die Europ\u00e4ische Kommission stellt eine Plattform zur Online-Streitbeilegung (OS) bereit: https:\/\/ec.europa.eu\/consumers\/odr\/.Unsere E-Mail-Adresse finden Sie oben im Impressum. Verbraucherstreitbeilegung\/Universalschlichtungsstelle Wir sind nicht bereit [&hellip;]","og_url":"https:\/\/health-booster.de\/en\/site-notice\/","og_site_name":"Health Booster","article_modified_time":"2024-11-28T13:23:18+00:00","twitter_card":"summary_large_image","twitter_misc":{"Est. reading time":"1 minute"},"schema":{"@context":"https:\/\/schema.org","@graph":[{"@type":"WebPage","@id":"https:\/\/health-booster.de\/en\/site-notice\/","url":"https:\/\/health-booster.de\/en\/site-notice\/","name":"Impressum - Health Booster","isPartOf":{"@id":"https:\/\/health-booster.de\/#website"},"datePublished":"2023-08-03T09:23:27+00:00","dateModified":"2024-11-28T13:23:18+00:00","breadcrumb":{"@id":"https:\/\/health-booster.de\/en\/site-notice\/#breadcrumb"},"inLanguage":"en-US","potentialAction":[{"@type":"ReadAction","target":["https:\/\/health-booster.de\/en\/site-notice\/"]}]},{"@type":"BreadcrumbList","@id":"https:\/\/health-booster.de\/en\/site-notice\/#breadcrumb","itemListElement":[{"@type":"ListItem","position":1,"name":"Home","item":"https:\/\/health-booster.de\/"},{"@type":"ListItem","position":2,"name":"Impressum"}]},{"@type":"WebSite","@id":"https:\/\/health-booster.de\/#website","url":"https:\/\/health-booster.de\/","name":"Health Booster","description":"Die Infusionstherapie in M\u00fcnchen","publisher":{"@id":"https:\/\/health-booster.de\/#organization"},"potentialAction":[{"@type":"SearchAction","target":{"@type":"EntryPoint","urlTemplate":"https:\/\/health-booster.de\/?s={search_term_string}"},"query-input":{"@type":"PropertyValueSpecification","valueRequired":true,"valueName":"search_term_string"}}],"inLanguage":"en-US"},{"@type":"Organization","@id":"https:\/\/health-booster.de\/#organization","name":"Health Booster","url":"https:\/\/health-booster.de\/","logo":{"@type":"ImageObject","inLanguage":"en-US","@id":"https:\/\/health-booster.de\/#\/schema\/logo\/image\/","url":"https:\/\/health-booster.de\/wp-content\/uploads\/2024\/09\/LOGO_Health_Booster_web.png","contentUrl":"https:\/\/health-booster.de\/wp-content\/uploads\/2024\/09\/LOGO_Health_Booster_web.png","width":487,"height":116,"caption":"Health Booster"},"image":{"@id":"https:\/\/health-booster.de\/#\/schema\/logo\/image\/"}}]}},"_links":{"self":[{"href":"https:\/\/health-booster.de\/en\/wp-json\/wp\/v2\/pages\/772","targetHints":{"allow":["GET"]}}],"collection":[{"href":"https:\/\/health-booster.de\/en\/wp-json\/wp\/v2\/pages"}],"about":[{"href":"https:\/\/health-booster.de\/en\/wp-json\/wp\/v2\/types\/page"}],"author":[{"embeddable":true,"href":"https:\/\/health-booster.de\/en\/wp-json\/wp\/v2\/users\/2"}],"replies":[{"embeddable":true,"href":"https:\/\/health-booster.de\/en\/wp-json\/wp\/v2\/comments?post=772"}],"version-history":[{"count":0,"href":"https:\/\/health-booster.de\/en\/wp-json\/wp\/v2\/pages\/772\/revisions"}],"wp:attachment":[{"href":"https:\/\/health-booster.de\/en\/wp-json\/wp\/v2\/media?parent=772"}],"curies":[{"name":"wp","href":"https:\/\/api.w.org\/{rel}","templated":true}]}}